{"id":2032,"date":"2016-08-16T22:30:45","date_gmt":"2016-08-16T22:30:45","guid":{"rendered":"http:\/\/labarretina.es\/es\/?page_id=2032"},"modified":"2016-08-20T11:43:34","modified_gmt":"2016-08-20T11:43:34","slug":"cafe-premium","status":"publish","type":"page","link":"https:\/\/labarretina.es\/es\/cafe-premium\/","title":{"rendered":"Caf\u00e9 Premium"},"content":{"rendered":"<p><strong>Reparto a domicilio de caf\u00e9 de alta calidad<\/strong>, molido o en grano, para tu cafetera italiana o autom\u00e1tica. Prueba la diferencia:<\/p>\n<p>Del tueste<strong> a tu buz\u00f3n, en menos de 24h<\/strong>.\u00a0Reparto de caf\u00e9 3 d\u00edas a la semana, en paquetes herm\u00e9ticos a tu gusto.<\/p>\n<p>Si te gusta el buen caf\u00e9, inf\u00f3rmate de las ventajas respecto de las c\u00e1psulas:<\/p>\n<ul>\n<li>Un <strong>70% m\u00e1s barato<\/strong>.<\/li>\n<li>Caf\u00e9 de m\u00e1s <strong>calidad<\/strong>.<\/li>\n<li><strong>100% natural<\/strong>, sin conservantes ni aditivos.<\/li>\n<li>Producto tostado de proximidad (Valles oriental).<\/li>\n<li>Ecol\u00f3gico, no contaminante, residuo 100% org\u00e1nico.<\/li>\n<li>Veure els nostres <a href=\"http:\/\/labarretina.es\/es\/categoria\/cafe-es\">productes<\/a><\/li>\n<\/ul>\n<p><strong>Noticias relacionadas<\/strong><\/p>\n<ul>\n<li><a href=\"http:\/\/www.bbc.com\/mundo\/noticias\/2016\/02\/160219_ciencia_capsulas_cafe_contaminacion_prohibicion_gtg\" target=\"_blank\">La amenaza para el medio ambiente de las c\u00e1psulas de caf\u00e9<\/a>.<\/li>\n<li><a href=\"http:\/\/www.xataka.com\/otros\/antes-de-comprar-una-cafetera-compara-cuanto-te-costara-cada-cafe\" target=\"_blank\">Antes de comprar una cafetera, compara cu\u00e1nto te costar\u00e1 cada caf\u00e9<\/a>.<\/li>\n<\/ul>\n","protected":false},"excerpt":{"rendered":"<p>Reparto a domicilio de caf\u00e9 de alta calidad, molido o en grano, para tu cafetera italiana o autom\u00e1tica. Prueba la diferencia: Del tueste a tu buz\u00f3n, en menos de 24h.\u00a0Reparto de caf\u00e9 3 d\u00edas a la semana, en paquetes herm\u00e9ticos a tu gusto. Si te gusta el buen caf\u00e9, inf\u00f3rmate de las ventajas respecto de [&hellip;]<\/p>\n","protected":false},"author":1,"featured_media":0,"parent":0,"menu_order":0,"comment_status":"closed","ping_status":"closed","template":"","meta":[],"_links":{"self":[{"href":"https:\/\/labarretina.es\/es\/wp-json\/wp\/v2\/pages\/2032"}],"collection":[{"href":"https:\/\/labarretina.es\/es\/wp-json\/wp\/v2\/pages"}],"about":[{"href":"https:\/\/labarretina.es\/es\/wp-json\/wp\/v2\/types\/page"}],"author":[{"embeddable":true,"href":"https:\/\/labarretina.es\/es\/wp-json\/wp\/v2\/users\/1"}],"replies":[{"embeddable":true,"href":"https:\/\/labarretina.es\/es\/wp-json\/wp\/v2\/comments?post=2032"}],"version-history":[{"count":6,"href":"https:\/\/labarretina.es\/es\/wp-json\/wp\/v2\/pages\/2032\/revisions"}],"predecessor-version":[{"id":2045,"href":"https:\/\/labarretina.es\/es\/wp-json\/wp\/v2\/pages\/2032\/revisions\/2045"}],"wp:attachment":[{"href":"https:\/\/labarretina.es\/es\/wp-json\/wp\/v2\/media?parent=2032"}],"curies":[{"name":"wp","href":"https:\/\/api.w.org\/{rel}","templated":true}]}}