{"id":2608,"date":"2020-05-07T17:12:51","date_gmt":"2020-05-07T17:48:38","guid":{"rendered":"http:\/\/labarretina.es\/es\/?post_type=product&#038;p=2608"},"modified":"2020-05-16T18:45:23","modified_gmt":"2020-05-16T18:45:23","slug":"baluarte-roble-2018","status":"publish","type":"product","link":"https:\/\/labarretina.es\/es\/producto\/vinos-y-cavas\/baluarte-roble-2018\/","title":{"rendered":"BALUARTE ROBLE 2018"},"content":{"rendered":"","protected":false},"excerpt":{"rendered":"<p>Nota de cata Color cereza granate bien cubierto con ribetes viol\u00e1ceos. Aroma a fruta negra bien madura, mora, grosella, ciruela, con notas especiadas y ligeros matices de crianza. En boca es sabroso, amplio, fresco, con un agradable paso de boca y equilibrio. Denominaci\u00f3n de origen Ribera del Duero A\u00f1ada 2018 Crianza 4 meses en barrica de roble franc\u00e9s y americano. Tipo de botella Bordelesa Nova verde de 75 cl. Variedad de la uva Tinto Fino (Tempranillo) (100%).<\/p>\n","protected":false},"featured_media":2652,"template":"","meta":[],"product_cat":[167],"product_tag":[],"_links":{"self":[{"href":"https:\/\/labarretina.es\/es\/wp-json\/wp\/v2\/product\/2608"}],"collection":[{"href":"https:\/\/labarretina.es\/es\/wp-json\/wp\/v2\/product"}],"about":[{"href":"https:\/\/labarretina.es\/es\/wp-json\/wp\/v2\/types\/product"}],"wp:featuredmedia":[{"embeddable":true,"href":"https:\/\/labarretina.es\/es\/wp-json\/wp\/v2\/media\/2652"}],"wp:attachment":[{"href":"https:\/\/labarretina.es\/es\/wp-json\/wp\/v2\/media?parent=2608"}],"wp:term":[{"taxonomy":"product_cat","embeddable":true,"href":"https:\/\/labarretina.es\/es\/wp-json\/wp\/v2\/product_cat?post=2608"},{"taxonomy":"product_tag","embeddable":true,"href":"https:\/\/labarretina.es\/es\/wp-json\/wp\/v2\/product_tag?post=2608"}],"curies":[{"name":"wp","href":"https:\/\/api.w.org\/{rel}","templated":true}]}}